{"id":21,"date":"2025-09-05T09:44:08","date_gmt":"2025-09-05T09:44:08","guid":{"rendered":"https:\/\/ranghammatplus.com\/?page_id=21"},"modified":"2025-09-06T18:31:13","modified_gmt":"2025-09-06T18:31:13","slug":"rang-ham-mat-y-te","status":"publish","type":"page","link":"https:\/\/ranghammatplus.com\/","title":{"rendered":"R\u0103ng H\u00e0m M\u1eb7t Plus"},"content":{"rendered":"\t\t<div data-elementor-type=\"wp-page\" data-elementor-id=\"21\" class=\"elementor elementor-21\" data-elementor-post-type=\"page\">\n\t\t\t\t<div class=\"elementor-element elementor-element-07b2737 e-con-full e-flex e-con e-parent\" data-id=\"07b2737\" data-element_type=\"container\">\n\t\t\t\t<div class=\"elementor-element elementor-element-17f450d elementor-widget elementor-widget-image\" data-id=\"17f450d\" data-element_type=\"widget\" data-widget_type=\"image.default\">\n\t\t\t\t\t\t\t\t\t\t\t\t\t\t\t<img fetchpriority=\"high\" decoding=\"async\" width=\"2000\" height=\"950\" src=\"https:\/\/ranghammatplus.com\/wp-content\/uploads\/2025\/09\/7014.jpg\" class=\"attachment-full size-full wp-image-24\" alt=\"\" srcset=\"https:\/\/ranghammatplus.com\/wp-content\/uploads\/2025\/09\/7014.jpg 2000w, https:\/\/ranghammatplus.com\/wp-content\/uploads\/2025\/09\/7014-300x143.jpg 300w, https:\/\/ranghammatplus.com\/wp-content\/uploads\/2025\/09\/7014-1024x486.jpg 1024w, https:\/\/ranghammatplus.com\/wp-content\/uploads\/2025\/09\/7014-768x365.jpg 768w, https:\/\/ranghammatplus.com\/wp-content\/uploads\/2025\/09\/7014-1536x730.jpg 1536w\" sizes=\"(max-width: 2000px) 100vw, 2000px\" \/>\t\t\t\t\t\t\t\t\t\t\t\t\t\t\t<\/div>\n\t\t\t\t<\/div>\n\t\t<div class=\"elementor-element elementor-element-8de4599 e-flex e-con-boxed e-con e-parent\" data-id=\"8de4599\" data-element_type=\"container\">\n\t\t\t\t\t<div class=\"e-con-inner\">\n\t\t\t\t<div class=\"elementor-element elementor-element-3794656 elementor-widget elementor-widget-heading\" data-id=\"3794656\" data-element_type=\"widget\" data-widget_type=\"heading.default\">\n\t\t\t\t\t<h2 class=\"elementor-heading-title elementor-size-default\">V\u1ec0 CH\u00daNG T\u00d4I<\/h2>\t\t\t\t<\/div>\n\t\t\t\t<div class=\"elementor-element elementor-element-0d1ecba elementor-widget elementor-widget-text-editor\" data-id=\"0d1ecba\" data-element_type=\"widget\" data-widget_type=\"text-editor.default\">\n\t\t\t\t\t\t\t\t\t<p>R\u0103ng H\u00e0m M\u1eb7t Y T\u1ebf l\u00e0 n\u1ec1n t\u1ea3ng ch\u0103m s\u00f3c n\u1ee5 c\u01b0\u1eddi to\u00e0n di\u1ec7n, quy t\u1ee5 \u0111\u1ed9i ng\u0169 b\u00e1c s\u0129 chuy\u00ean khoa gi\u00e0u kinh nghi\u1ec7m c\u00f9ng trang thi\u1ebft b\u1ecb hi\u1ec7n \u0111\u1ea1i<\/p>\t\t\t\t\t\t\t\t<\/div>\n\t\t<div class=\"elementor-element elementor-element-6bb3887 e-con-full e-grid e-con e-child\" data-id=\"6bb3887\" data-element_type=\"container\">\n\t\t\t\t<div class=\"elementor-element elementor-element-5635f21 elementor-widget elementor-widget-text-editor\" data-id=\"5635f21\" data-element_type=\"widget\" data-widget_type=\"text-editor.default\">\n\t\t\t\t\t\t\t\t\t<p>R\u0103ng H\u00e0m M\u1eb7t Y T\u1ebf l\u00e0 n\u1ec1n t\u1ea3ng ch\u0103m s\u00f3c n\u1ee5 c\u01b0\u1eddi to\u00e0n di\u1ec7n, quy t\u1ee5 \u0111\u1ed9i ng\u0169 b\u00e1c s\u0129 chuy\u00ean khoa gi\u00e0u kinh nghi\u1ec7m c\u00f9ng trang thi\u1ebft b\u1ecb hi\u1ec7n \u0111\u1ea1i (CT Cone Beam 3D, m\u00e1y qu\u00e9t trong mi\u1ec7ng, CAD\/CAM, v\u00f4 tr\u00f9ng m\u1ed9t chi\u1ec1u). Ch\u00fang t\u00f4i cung c\u1ea5p \u0111\u1ea7y \u0111\u1ee7 d\u1ecbch v\u1ee5: nha khoa t\u1ed5ng qu\u00e1t, ni\u1ec1ng r\u0103ng \u2013 ch\u1ec9nh nha, c\u1ea5y gh\u00e9p implant, r\u0103ng s\u1ee9 th\u1ea9m m\u1ef9, \u0111i\u1ec1u tr\u1ecb n\u1ed9i nha, nha khoa tr\u1ebb em v\u00e0 ph\u1eabu thu\u1eadt h\u00e0m m\u1eb7t. M\u1ecdi ca \u0111i\u1ec1u tr\u1ecb \u0111\u01b0\u1ee3c c\u00e1 nh\u00e2n h\u00f3a v\u1edbi ph\u00e1c \u0111\u1ed3 r\u00f5 r\u00e0ng, chi ph\u00ed minh b\u1ea1ch, ch\u00ednh s\u00e1ch b\u1ea3o h\u00e0nh v\u00e0 ch\u0103m s\u00f3c sau \u0111i\u1ec1u tr\u1ecb t\u1eadn t\u00e2m. S\u1ee9 m\u1ec7nh c\u1ee7a ch\u00fang t\u00f4i l\u00e0 n\u00e2ng t\u1ea7m s\u1ee9c kh\u1ecfe r\u0103ng mi\u1ec7ng c\u1ed9ng \u0111\u1ed3ng, mang \u0111\u1ebfn tr\u1ea3i nghi\u1ec7m an to\u00e0n, \u00edt \u0111au, l\u1ecbch h\u1eb9n linh ho\u1ea1t v\u00e0 n\u1ee5 c\u01b0\u1eddi t\u1ef1 tin m\u1ed7i ng\u00e0y.<\/p>\t\t\t\t\t\t\t\t<\/div>\n\t\t\t\t<div class=\"elementor-element elementor-element-53dba61 elementor-widget elementor-widget-image\" data-id=\"53dba61\" data-element_type=\"widget\" data-widget_type=\"image.default\">\n\t\t\t\t\t\t\t\t\t\t\t\t\t\t\t<img decoding=\"async\" width=\"768\" height=\"768\" src=\"https:\/\/ranghammatplus.com\/wp-content\/uploads\/2025\/09\/office-teamwork-png-badge-element-transparent-background-768x768.jpg\" class=\"attachment-medium_large size-medium_large wp-image-37\" alt=\"\" srcset=\"https:\/\/ranghammatplus.com\/wp-content\/uploads\/2025\/09\/office-teamwork-png-badge-element-transparent-background-768x768.jpg 768w, https:\/\/ranghammatplus.com\/wp-content\/uploads\/2025\/09\/office-teamwork-png-badge-element-transparent-background-300x300.jpg 300w, https:\/\/ranghammatplus.com\/wp-content\/uploads\/2025\/09\/office-teamwork-png-badge-element-transparent-background-1024x1024.jpg 1024w, https:\/\/ranghammatplus.com\/wp-content\/uploads\/2025\/09\/office-teamwork-png-badge-element-transparent-background-150x150.jpg 150w, https:\/\/ranghammatplus.com\/wp-content\/uploads\/2025\/09\/office-teamwork-png-badge-element-transparent-background-1536x1536.jpg 1536w, https:\/\/ranghammatplus.com\/wp-content\/uploads\/2025\/09\/office-teamwork-png-badge-element-transparent-background-2048x2048.jpg 2048w\" sizes=\"(max-width: 768px) 100vw, 768px\" \/>\t\t\t\t\t\t\t\t\t\t\t\t\t\t\t<\/div>\n\t\t\t\t<\/div>\n\t\t\t\t\t<\/div>\n\t\t\t\t<\/div>\n\t\t<div class=\"elementor-element elementor-element-de97f17 e-flex e-con-boxed e-con e-parent\" data-id=\"de97f17\" data-element_type=\"container\" data-settings=\"{&quot;background_background&quot;:&quot;classic&quot;}\">\n\t\t\t\t\t<div class=\"e-con-inner\">\n\t\t\t\t<div class=\"elementor-element elementor-element-97ed3fa elementor-widget elementor-widget-heading\" data-id=\"97ed3fa\" data-element_type=\"widget\" data-widget_type=\"heading.default\">\n\t\t\t\t\t<h2 class=\"elementor-heading-title elementor-size-default\">D\u1ecaCH V\u1ee4 N\u1ed4I B\u1eacT<\/h2>\t\t\t\t<\/div>\n\t\t<div class=\"elementor-element elementor-element-0ef83c7 e-con-full e-flex e-con e-child\" data-id=\"0ef83c7\" data-element_type=\"container\">\n\t\t\t\t<div class=\"elementor-element elementor-element-1fa2e3a elementor-hidden-mobile elementor-widget elementor-widget-image\" data-id=\"1fa2e3a\" data-element_type=\"widget\" data-widget_type=\"image.default\">\n\t\t\t\t\t\t\t\t\t\t\t\t\t\t\t<img decoding=\"async\" width=\"1500\" height=\"726\" src=\"https:\/\/ranghammatplus.com\/wp-content\/uploads\/2025\/09\/86185.jpg\" class=\"attachment-full size-full wp-image-59\" alt=\"\" srcset=\"https:\/\/ranghammatplus.com\/wp-content\/uploads\/2025\/09\/86185.jpg 1500w, https:\/\/ranghammatplus.com\/wp-content\/uploads\/2025\/09\/86185-300x145.jpg 300w, https:\/\/ranghammatplus.com\/wp-content\/uploads\/2025\/09\/86185-1024x496.jpg 1024w, https:\/\/ranghammatplus.com\/wp-content\/uploads\/2025\/09\/86185-768x372.jpg 768w\" sizes=\"(max-width: 1500px) 100vw, 1500px\" \/>\t\t\t\t\t\t\t\t\t\t\t\t\t\t\t<\/div>\n\t\t<div class=\"elementor-element elementor-element-0da9a66 e-con-full e-flex e-con e-child\" data-id=\"0da9a66\" data-element_type=\"container\" data-settings=\"{&quot;background_background&quot;:&quot;classic&quot;}\">\n\t\t\t\t<div class=\"elementor-element elementor-element-dd4d356 animated-slow elementor-view-default elementor-position-top elementor-mobile-position-top elementor-invisible elementor-widget elementor-widget-icon-box\" data-id=\"dd4d356\" data-element_type=\"widget\" data-settings=\"{&quot;_animation&quot;:&quot;fadeInUp&quot;}\" data-widget_type=\"icon-box.default\">\n\t\t\t\t\t\t\t<div class=\"elementor-icon-box-wrapper\">\n\n\t\t\t\t\t\t<div class=\"elementor-icon-box-icon\">\n\t\t\t\t<span  class=\"elementor-icon\">\n\t\t\t\t<svg xmlns=\"http:\/\/www.w3.org\/2000\/svg\" id=\"Layer_1\" viewBox=\"0 0 512 512\"><g clip-rule=\"evenodd\" fill-rule=\"evenodd\"><path d=\"m23 382v113.8c0 8.5 6.9 15.4 15.4 15.4h42.1c8.5 0 15.4-6.9 15.4-15.4 0-10.9 0-100.6 0-113.8 0-8.5-6.9-15.4-15.4-15.4h-42.1c-8.5 0-15.4 6.9-15.4 15.4z\"><\/path><path d=\"m347 400.8c.1-.4.2-.7.2-1.1-.1.3-.1.7-.2 1.1zm-.1.3.1-.3c-.1.1-.1.2-.1.3zm-239.2-12.6c6.9-3.4 12.3-7.7 18-14.1 22-23.4 57-23.8 89.9-15.3 33.5 9.1 72 13.1 101.4 12.9 15.6-.2 32.3 11.9 30.3 27.5 1.1-7.5 12.9-5.7 11.6 1.8-.7 4.2-2.1 7.6-4.6 10.4 29.4-16.9 62.4-35.6 87-51.6 17.3-11.6 28-15.8 35-16.2 60.8 11.4-113.3 116.9-138.2 131.6-91.4 48.3-147.3-19.6-230.2-6.1v-80.9z\"><\/path><path d=\"m280.8 277.4c6.6-17.5 11-60.3 39.7-42.7 13.1 15.4 14.9 44.5 23.4 60.9 8.6 17.9 36.3 24.6 52.8 11.5 11.7-8.6 18.7-38.8 25.6-68.7 5.9-25.8 11.8-51.3 21.5-65.1 39.7-59.1 37.6-112.6-4.5-152.2-38.5-30.7-86-27.1-125.8 14.4-2 2.1-15.7 17.6-45.7 22.8-7.5 1.5-9.6-10.5-2-11.6 18.4-3.1 29.6-10.6 34.9-15.1-58.1-63.4-157.6-19.6-154.4 64.2 60.9 14.5 88.8 95.1 50 144.3 9 34.2 11.6 62.4 32.6 71.3 15.1 6.7 34.3.2 43.2-11.9 4.1-6.6 4.9-11.7 8.7-22.1z\"><\/path><path d=\"m139.3 196.9h23.3c1.2 0 2.2-1 2.2-2.2-.3-.9.7-20.6-.7-20.7.4-1.4-24.3-.4-24.8-.7-9.5.3-4.9-17.6-5.9-29.2 1-4.1-15.5-1.6-21.4-2.2-1.2 0-2.2 1-2.2 2.2-1 11.6 3.6 29.5-5.9 29.2h-23.2c-1.2 0-2.2 1-2.2 2.2.3.9-.7 20.6.7 20.7-.4 1.4 24.3.4 24.8.7 3.3 0 5.9 2.6 5.9 5.9v23.3c0 1.2 1 2.2 2.2 2.2.9-.3 20.6.7 20.7-.7 1.4.4.4-24.3.7-24.8-.1-3.2 2.6-5.9 5.8-5.9z\"><\/path><path d=\"m162.6 208.7h-17.4c-.6 7 2.3 22.3-4.1 27.3-5 6.6-22 3.4-29.1 4.1-17-.2-14-19.9-14-31.4-7-.6-22.3 2.3-27.3-4.1-6.6-5-3.4-22-4.1-29.1.2-17 19.9-14 31.4-14 .6-7-2.3-22.3 4.1-27.3 5-6.6 22-3.4 29.1-4.1 17 .2 14 19.9 14 31.4 11.5.1 31.2-3 31.4 14-.3 11.7 3.7 33-14 33.2zm22.8 26.2c60.4-80.4-48.8-176.8-121-107-77 83.3 47.8 193.6 121 107z\"><\/path><\/g><\/svg>\t\t\t\t<\/span>\n\t\t\t<\/div>\n\t\t\t\n\t\t\t\t\t\t<div class=\"elementor-icon-box-content\">\n\n\t\t\t\t\t\t\t\t\t<h3 class=\"elementor-icon-box-title\">\n\t\t\t\t\t\t<span  >\n\t\t\t\t\t\t\tB\u1ecdc r\u0103ng s\u1ee9 th\u1ea9m m\u1ef9\t\t\t\t\t\t<\/span>\n\t\t\t\t\t<\/h3>\n\t\t\t\t\n\t\t\t\t\t\t\t\t\t<p class=\"elementor-icon-box-description\">\n\t\t\t\t\t\tB\u1ecdc r\u0103ng s\u1ee9 th\u1ea9m m\u1ef9 gi\u00fap c\u1ea3i thi\u1ec7n n\u1ee5 c\u01b0\u1eddi, r\u0103ng \u0111\u1ec1u \u0111\u1eb9p, tr\u1eafng s\u00e1ng, b\u1ec1n, \u0103n nhai t\u1ed1t h\u01a1n.\t\t\t\t\t<\/p>\n\t\t\t\t\n\t\t\t<\/div>\n\t\t\t\n\t\t<\/div>\n\t\t\t\t\t\t<\/div>\n\t\t\t\t<div class=\"elementor-element elementor-element-b1cd01f animated-slow elementor-view-default elementor-position-top elementor-mobile-position-top elementor-invisible elementor-widget elementor-widget-icon-box\" data-id=\"b1cd01f\" data-element_type=\"widget\" data-settings=\"{&quot;_animation&quot;:&quot;fadeInUp&quot;}\" data-widget_type=\"icon-box.default\">\n\t\t\t\t\t\t\t<div class=\"elementor-icon-box-wrapper\">\n\n\t\t\t\t\t\t<div class=\"elementor-icon-box-icon\">\n\t\t\t\t<span  class=\"elementor-icon\">\n\t\t\t\t<svg xmlns=\"http:\/\/www.w3.org\/2000\/svg\" id=\"Capa_1\" height=\"512\" viewBox=\"0 0 512 512\" width=\"512\"><path d=\"m346 0c-31.822 0-62.75 9.316-90 27.305-27.232-17.989-58.177-27.276-90-27.287-89.321-.027-163.216 68.967-165.9 164.982-.148 5.308.176 10.142.474 15h120.426v-15c0-8.291 6.709-15 15-15s15 6.709 15 15v15h30v-45c0-8.291 6.709-15 15-15h120c8.291 0 15 6.709 15 15v45h30v-15c0-8.291 6.709-15 15-15s15 6.709 15 15v15h120.429c.297-4.858.621-9.69.471-15-2.709-96.052-76.653-165-165.9-165z\"><\/path><path d=\"m5.578 210c8.721 30.45 27.432 51.006 44.289 69.771 22.075 24.58 41.133 45.805 41.133 87.788 0 48.764 44.34 144.441 105 144.441 6.46 0 12.759-5.845 14.81-11.968 13.477-40.444 27.437-84.266 29.766-154.798.292-8.54 7.059-15.234 15.424-15.234s15.132 6.68 15.41 15.22c2.285 70.371 16.274 114.295 30.366 156.526 2.036 6.123 7.764 10.254 14.224 10.254 60.659 0 105-95.677 105-144.441 0-42.056 18.958-63.252 41.033-87.817 16.86-18.745 35.682-39.278 44.401-69.741h-115.434v15c0 8.291-6.709 15-15 15s-15-6.709-15-15v-15h-30v45c0 8.291-6.709 15-15 15h-120c-8.291 0-15-6.709-15-15v-45h-30v15c0 8.291-6.709 15-15 15s-15-6.709-15-15v-15h-115.422z\"><\/path><path d=\"m211 150v90h90v-90zm45 60c-8.284 0-15-6.716-15-15s6.716-15 15-15 15 6.716 15 15-6.717 15-15 15z\"><\/path><\/svg>\t\t\t\t<\/span>\n\t\t\t<\/div>\n\t\t\t\n\t\t\t\t\t\t<div class=\"elementor-icon-box-content\">\n\n\t\t\t\t\t\t\t\t\t<h3 class=\"elementor-icon-box-title\">\n\t\t\t\t\t\t<span  >\n\t\t\t\t\t\t\tNi\u1ec1ng r\u0103ng ch\u1ec9nh nha\t\t\t\t\t\t<\/span>\n\t\t\t\t\t<\/h3>\n\t\t\t\t\n\t\t\t\t\t\t\t\t\t<p class=\"elementor-icon-box-description\">\n\t\t\t\t\t\tNi\u1ec1ng r\u0103ng ch\u1ec9nh nha gi\u00fap r\u0103ng \u0111\u1ec1u, kh\u1edbp c\u1eafn chu\u1ea9n, nhai t\u1ed1t, c\u1ea3i thi\u1ec7n th\u1ea9m m\u1ef9, t\u0103ng t\u1ef1 tin h\u01a1n.\t\t\t\t\t<\/p>\n\t\t\t\t\n\t\t\t<\/div>\n\t\t\t\n\t\t<\/div>\n\t\t\t\t\t\t<\/div>\n\t\t\t\t<div class=\"elementor-element elementor-element-542db13 animated-slow elementor-view-default elementor-position-top elementor-mobile-position-top elementor-invisible elementor-widget elementor-widget-icon-box\" data-id=\"542db13\" data-element_type=\"widget\" data-settings=\"{&quot;_animation&quot;:&quot;fadeInUp&quot;}\" data-widget_type=\"icon-box.default\">\n\t\t\t\t\t\t\t<div class=\"elementor-icon-box-wrapper\">\n\n\t\t\t\t\t\t<div class=\"elementor-icon-box-icon\">\n\t\t\t\t<span  class=\"elementor-icon\">\n\t\t\t\t<svg xmlns=\"http:\/\/www.w3.org\/2000\/svg\" id=\"Layer_1\" viewBox=\"0 0 64 64\" data-name=\"Layer 1\"><path d=\"m12.278 35.271c.065 5.3.821 18.249 6.418 23.948a5.657 5.657 0 0 0 .693.632 24.574 24.574 0 0 0 .273-3.938c.14-5.7.352-14.32 6.754-18.143a1.05 1.05 0 0 1 1.046 0c6.4 3.823 6.613 12.44 6.753 18.143a24.574 24.574 0 0 0 .273 3.938 5.528 5.528 0 0 0 .686-.624c4.191-4.268 5.686-12.413 6.191-18.825a9.706 9.706 0 1 1 5.391-18.59c1.631-7.294-1.256-14.166-5.225-16.784a4.8 4.8 0 0 0 -5.95.059 78.633 78.633 0 0 1 -6.681 4.955 11.548 11.548 0 0 0 1.7.768 1 1 0 0 1 -.552 1.922 17.449 17.449 0 0 1 -3.617-1.781 71.58 71.58 0 0 1 -8.131-5.865c-2.947-2.4-5.913-.233-7.051.811-4.143 3.8-7.316 13.772-.967 23.1a11.289 11.289 0 0 1 1.996 6.274zm5.122-6.429h1.821l1.727-1.727v-1.821a1 1 0 0 1 2 0v1.82l1.728 1.728h1.824a1 1 0 0 1 0 2h-1.821l-1.73 1.73v1.818a1 1 0 0 1 -2 0v-1.819l-1.729-1.729h-1.82a1 1 0 1 1 0-2zm-4.416-20.288a1 1 0 0 1 1.469 1.358c-.237.26-5.429 6.155.13 15.776a1 1 0 1 1 -1.731 1c-6.331-10.956.067-18.063.132-18.134z\"><\/path><path d=\"m47.986 40.681a.627.627 0 0 0 .478-.043.627.627 0 0 0 -.583-1.111.628.628 0 0 0 .1 1.155z\"><\/path><path d=\"m49.844 42.271a.765.765 0 0 0 -.354.087l-.2.1a.768.768 0 0 0 -.323 1.035l6.735 12.853a.76.76 0 0 0 .45.376.752.752 0 0 0 .584-.053l.2-.1a.767.767 0 0 0 .321-1.034l-6.732-12.854a.767.767 0 0 0 -.681-.41z\"><\/path><path d=\"m50.211 27.326a7.726 7.726 0 1 0 -3.258 10.428 7.734 7.734 0 0 0 3.258-10.428zm-3.982 9.045a6.164 6.164 0 1 1 2.6-8.321 6.132 6.132 0 0 1 -2.6 8.321z\"><\/path><path d=\"m43.361 26.748a4.164 4.164 0 1 0 3.7 2.231 4.13 4.13 0 0 0 -3.7-2.231z\"><\/path><path d=\"m21.313 29.206h1.273v1.273h-1.273z\" transform=\"matrix(.707 -.707 .707 .707 -14.673 24.262)\"><\/path><\/svg>\t\t\t\t<\/span>\n\t\t\t<\/div>\n\t\t\t\n\t\t\t\t\t\t<div class=\"elementor-icon-box-content\">\n\n\t\t\t\t\t\t\t\t\t<h3 class=\"elementor-icon-box-title\">\n\t\t\t\t\t\t<span  >\n\t\t\t\t\t\t\tNha khoa t\u1ed5ng qu\u00e1t\t\t\t\t\t\t<\/span>\n\t\t\t\t\t<\/h3>\n\t\t\t\t\n\t\t\t\t\t\t\t\t\t<p class=\"elementor-icon-box-description\">\n\t\t\t\t\t\tNha khoa t\u1ed5ng qu\u00e1t gi\u00fap gi\u1eef r\u0103ng mi\u1ec7ng kh\u1ecfe m\u1ea1nh, ph\u00f2ng ng\u1eeba b\u1ec7nh, kh\u00e1m ch\u1eefa c\u01a1 b\u1ea3n, \u0103n nhai t\u1ed1t.\t\t\t\t\t<\/p>\n\t\t\t\t\n\t\t\t<\/div>\n\t\t\t\n\t\t<\/div>\n\t\t\t\t\t\t<\/div>\n\t\t\t\t<\/div>\n\t\t\t\t<\/div>\n\t\t\t\t\t<\/div>\n\t\t\t\t<\/div>\n\t\t<div class=\"elementor-element elementor-element-6b39e1d e-flex e-con-boxed e-con e-parent\" data-id=\"6b39e1d\" data-element_type=\"container\" data-settings=\"{&quot;background_background&quot;:&quot;classic&quot;}\">\n\t\t\t\t\t<div class=\"e-con-inner\">\n\t\t\t\t<div class=\"elementor-element elementor-element-5179bd8 fluentform-widget-submit-button-custom elementor-widget elementor-widget-fluent-form-widget\" data-id=\"5179bd8\" data-element_type=\"widget\" data-widget_type=\"fluent-form-widget.default\">\n\t\t\t\t<div class=\"elementor-widget-container\">\n\t\t\t\t\t\n            <div class=\"fluentform-widget-wrapper fluentform-widget-align-default\">\n\n            \n            <div class='fluentform ff-default fluentform_wrapper_1 ffs_default_wrap'><form data-form_id=\"1\" id=\"fluentform_1\" class=\"frm-fluent-form fluent_form_1 ff-el-form-top ff_form_instance_1_1 ff-form-loading ffs_default\" data-form_instance=\"ff_form_instance_1_1\" method=\"POST\" ><fieldset  style=\"border: none!important;margin: 0!important;padding: 0!important;background-color: transparent!important;box-shadow: none!important;outline: none!important; min-inline-size: 100%;\">\n                    <legend class=\"ff_screen_reader_title\" style=\"display: block; margin: 0!important;padding: 0!important;height: 0!important;text-indent: -999999px;width: 0!important;overflow:hidden;\">Contact Form Demo<\/legend><input type='hidden' name='__fluent_form_embded_post_id' value='21' \/><input type=\"hidden\" id=\"_fluentform_1_fluentformnonce\" name=\"_fluentform_1_fluentformnonce\" value=\"2dcac0da87\" \/><input type=\"hidden\" name=\"_wp_http_referer\" value=\"\/index.php\/wp-json\/wp\/v2\/pages\/21\" \/><div data-type=\"name-element\" data-name=\"names\" class=\" ff-field_container ff-name-field-wrapper\" ><div class='ff-t-container'><div class='ff-t-cell '><div class='ff-el-group'><div class=\"ff-el-input--label asterisk-right\"><label for='ff_1_names_first_name_' >First Name<\/label><\/div><div class='ff-el-input--content'><input type=\"text\" name=\"names[first_name]\" id=\"ff_1_names_first_name_\" class=\"ff-el-form-control\" placeholder=\"First Name\" aria-invalid=\"false\" aria-required=false><\/div><\/div><\/div><div class='ff-t-cell '><div class='ff-el-group'><div class=\"ff-el-input--label asterisk-right\"><label for='ff_1_names_last_name_' >Last Name<\/label><\/div><div class='ff-el-input--content'><input type=\"text\" name=\"names[last_name]\" id=\"ff_1_names_last_name_\" class=\"ff-el-form-control\" placeholder=\"Last Name\" aria-invalid=\"false\" aria-required=false><\/div><\/div><\/div><\/div><\/div><div class='ff-el-group'><div class=\"ff-el-input--label ff-el-is-required asterisk-right\"><label for='ff_1_email' aria-label=\"Email\">Email<\/label><\/div><div class='ff-el-input--content'><input type=\"email\" name=\"email\" id=\"ff_1_email\" class=\"ff-el-form-control\" placeholder=\"Email Address\" data-name=\"email\"  aria-invalid=\"false\" aria-required=true><\/div><\/div><div class='ff-el-group'><div class=\"ff-el-input--label asterisk-right\"><label for='ff_1_subject' aria-label=\"Subject\">Subject<\/label><\/div><div class='ff-el-input--content'><input type=\"text\" name=\"subject\" class=\"ff-el-form-control\" placeholder=\"Subject\" data-name=\"subject\" id=\"ff_1_subject\"  aria-invalid=\"false\" aria-required=false><\/div><\/div><div class='ff-el-group'><div class=\"ff-el-input--label ff-el-is-required asterisk-right\"><label for='ff_1_message' aria-label=\"Your Message\">Your Message<\/label><\/div><div class='ff-el-input--content'><textarea aria-invalid=\"false\" aria-required=true name=\"message\" id=\"ff_1_message\" class=\"ff-el-form-control\" placeholder=\"Your Message\" rows=\"4\" cols=\"2\" data-name=\"message\" ><\/textarea><\/div><\/div><div class='ff-el-group ff-text-left ff_submit_btn_wrapper'><button type=\"submit\" class=\"ff-btn ff-btn-submit ff-btn-md ff_btn_style\" >Submit Form<\/button><\/div><\/fieldset><\/form><div id='fluentform_1_errors' class='ff-errors-in-stack ff_form_instance_1_1 ff-form-loading_errors ff_form_instance_1_1_errors'><\/div><\/div>        <script type=\"text\/javascript\">\n            window.fluent_form_ff_form_instance_1_1 = {\"id\":\"1\",\"settings\":{\"layout\":{\"labelPlacement\":\"top\",\"helpMessagePlacement\":\"with_label\",\"errorMessagePlacement\":\"inline\",\"cssClassName\":\"\",\"asteriskPlacement\":\"asterisk-right\"},\"restrictions\":{\"denyEmptySubmission\":{\"enabled\":false}}},\"form_instance\":\"ff_form_instance_1_1\",\"form_id_selector\":\"fluentform_1\",\"rules\":{\"names[first_name]\":{\"required\":{\"value\":false,\"message\":\"This field is required\"}},\"names[middle_name]\":{\"required\":{\"value\":false,\"message\":\"This field is required\"}},\"names[last_name]\":{\"required\":{\"value\":false,\"message\":\"This field is required\"}},\"email\":{\"required\":{\"value\":true,\"message\":\"This field is required\"},\"email\":{\"value\":true,\"message\":\"This field must contain a valid email\"}},\"subject\":{\"required\":{\"value\":false,\"message\":\"This field is required\"}},\"message\":{\"required\":{\"value\":true,\"message\":\"This field is required\"}}},\"debounce_time\":300};\n                    <\/script>\n                    <\/div>\n\n            \t\t\t\t<\/div>\n\t\t\t\t<\/div>\n\t\t\t\t\t<\/div>\n\t\t\t\t<\/div>\n\t\t\t\t<\/div>\n\t\t","protected":false},"excerpt":{"rendered":"<p>V\u1ec0 CH\u00daNG T\u00d4I R\u0103ng H\u00e0m M\u1eb7t Y T\u1ebf l\u00e0 n\u1ec1n t\u1ea3ng ch\u0103m s\u00f3c n\u1ee5 c\u01b0\u1eddi to\u00e0n di\u1ec7n, quy t\u1ee5 \u0111\u1ed9i ng\u0169 b\u00e1c s\u0129 chuy\u00ean khoa gi\u00e0u kinh nghi\u1ec7m c\u00f9ng trang thi\u1ebft b\u1ecb hi\u1ec7n \u0111\u1ea1i R\u0103ng H\u00e0m M\u1eb7t Y T\u1ebf l\u00e0 n\u1ec1n t\u1ea3ng ch\u0103m s\u00f3c n\u1ee5 c\u01b0\u1eddi to\u00e0n di\u1ec7n, quy t\u1ee5 \u0111\u1ed9i ng\u0169 b\u00e1c s\u0129 chuy\u00ean [&hellip;]<\/p>\n","protected":false},"author":1,"featured_media":0,"parent":0,"menu_order":0,"comment_status":"closed","ping_status":"closed","template":"","meta":{"footnotes":""},"class_list":["post-21","page","type-page","status-publish","hentry"],"_links":{"self":[{"href":"https:\/\/ranghammatplus.com\/index.php\/wp-json\/wp\/v2\/pages\/21","targetHints":{"allow":["GET"]}}],"collection":[{"href":"https:\/\/ranghammatplus.com\/index.php\/wp-json\/wp\/v2\/pages"}],"about":[{"href":"https:\/\/ranghammatplus.com\/index.php\/wp-json\/wp\/v2\/types\/page"}],"author":[{"embeddable":true,"href":"https:\/\/ranghammatplus.com\/index.php\/wp-json\/wp\/v2\/users\/1"}],"replies":[{"embeddable":true,"href":"https:\/\/ranghammatplus.com\/index.php\/wp-json\/wp\/v2\/comments?post=21"}],"version-history":[{"count":56,"href":"https:\/\/ranghammatplus.com\/index.php\/wp-json\/wp\/v2\/pages\/21\/revisions"}],"predecessor-version":[{"id":95,"href":"https:\/\/ranghammatplus.com\/index.php\/wp-json\/wp\/v2\/pages\/21\/revisions\/95"}],"wp:attachment":[{"href":"https:\/\/ranghammatplus.com\/index.php\/wp-json\/wp\/v2\/media?parent=21"}],"curies":[{"name":"wp","href":"https:\/\/api.w.org\/{rel}","templated":true}]}}